{"id":278,"date":"2024-10-15T08:30:28","date_gmt":"2024-10-15T13:30:28","guid":{"rendered":"https:\/\/beautybyherly.com\/?post_type=product&#038;p=278"},"modified":"2025-10-03T10:21:50","modified_gmt":"2025-10-03T15:21:50","slug":"retinol-cream","status":"publish","type":"product","link":"https:\/\/casalucianabyherly.com\/es\/producto\/retinol-cream\/","title":{"rendered":"Retinol Cream 1%"},"content":{"rendered":"<p><strong><em>Cantidad:\u00a0<\/em><\/strong>1 oz \/\u00a0 30ml<\/p>\n<p><strong><em>Apariencia:<\/em><\/strong> Crema de color beiges<\/p>\n<p><em><strong>Dosificaci\u00f3n:\u00a0\u00a0<\/strong><\/em>Peque\u00f1a cantidad por aplicaci\u00f3n<\/p>","protected":false},"excerpt":{"rendered":"<p><em><strong>Tratamiento para afecciones de la piel<\/strong><\/em><\/p>\n<ul>\n<li>Es un metabolito de la vitamina A en forma de crema que se usa para tratar afecciones de la piel como el acn\u00e9 y tambi\u00e9n act\u00faa como un producto antienvejecimiento<\/li>\n<li>Las cremas con retinol tienen humectantes como aceite mineral o vaselina agregados como aditivos que pueden cerrar los poros de la piel. Sin embargo, esto lo hace muy adecuado para pieles sensibles y secas.<\/li>\n<\/ul>","protected":false},"featured_media":495,"comment_status":"open","ping_status":"closed","template":"","meta":{"_kad_blocks_custom_css":"","_kad_blocks_head_custom_js":"","_kad_blocks_body_custom_js":"","_kad_blocks_footer_custom_js":"","_kadence_starter_templates_imported_post":false,"_kad_post_transparent":"default","_kad_post_title":"","_kad_post_layout":"default","_kad_post_sidebar_id":"","_kad_post_content_style":"default","_kad_post_vertical_padding":"default","_kad_post_feature":"","_kad_post_feature_position":"","_kad_post_header":false,"_kad_post_footer":false,"_joinchat":[]},"product_brand":[],"product_cat":[42],"product_tag":[],"class_list":{"0":"post-278","1":"product","2":"type-product","3":"status-publish","4":"has-post-thumbnail","6":"product_cat-skin-care","8":"first","9":"instock","10":"taxable","11":"shipping-taxable","12":"purchasable","13":"product-type-simple","14":"entry","15":"content-bg","16":"loop-entry"},"taxonomy_info":{"product_cat":[{"value":42,"label":"Skin Care"}]},"featured_image_src_large":["https:\/\/casalucianabyherly.com\/wp-content\/uploads\/2024\/10\/retinol-face-cream-1-oz-30ml.jpg",1000,1000,false],"author_info":[],"comment_info":0,"_links":{"self":[{"href":"https:\/\/casalucianabyherly.com\/es\/wp-json\/wp\/v2\/product\/278","targetHints":{"allow":["GET"]}}],"collection":[{"href":"https:\/\/casalucianabyherly.com\/es\/wp-json\/wp\/v2\/product"}],"about":[{"href":"https:\/\/casalucianabyherly.com\/es\/wp-json\/wp\/v2\/types\/product"}],"replies":[{"embeddable":true,"href":"https:\/\/casalucianabyherly.com\/es\/wp-json\/wp\/v2\/comments?post=278"}],"wp:featuredmedia":[{"embeddable":true,"href":"https:\/\/casalucianabyherly.com\/es\/wp-json\/wp\/v2\/media\/495"}],"wp:attachment":[{"href":"https:\/\/casalucianabyherly.com\/es\/wp-json\/wp\/v2\/media?parent=278"}],"wp:term":[{"taxonomy":"product_brand","embeddable":true,"href":"https:\/\/casalucianabyherly.com\/es\/wp-json\/wp\/v2\/product_brand?post=278"},{"taxonomy":"product_cat","embeddable":true,"href":"https:\/\/casalucianabyherly.com\/es\/wp-json\/wp\/v2\/product_cat?post=278"},{"taxonomy":"product_tag","embeddable":true,"href":"https:\/\/casalucianabyherly.com\/es\/wp-json\/wp\/v2\/product_tag?post=278"}],"curies":[{"name":"wp","href":"https:\/\/api.w.org\/{rel}","templated":true}]}}