{"id":276,"date":"2024-10-15T08:40:08","date_gmt":"2024-10-15T13:40:08","guid":{"rendered":"https:\/\/beautybyherly.com\/?post_type=product&#038;p=276"},"modified":"2025-10-03T10:18:52","modified_gmt":"2025-10-03T15:18:52","slug":"retinol-serum","status":"publish","type":"product","link":"https:\/\/casalucianabyherly.com\/es\/producto\/retinol-serum\/","title":{"rendered":"Serum Retinol"},"content":{"rendered":"<p><strong><em>Cantidad:\u00a0<\/em><\/strong>1 oz \/\u00a0 30ml<\/p>\n<p><strong><em>Apariencia:<\/em><\/strong> Suero de color beige ligerocon gotero dosificador<\/p>\n<p><em><strong>Dosificaci\u00f3n:\u00a0\u00a0<\/strong><\/em>Peque\u00f1a cantidad por aplicaci\u00f3n<\/p>","protected":false},"excerpt":{"rendered":"<p><em><strong>Tratamiento Serum Retinol<\/strong><\/em><\/p>\n<ul>\n<li>Estimula la producci\u00f3n de col\u00e1geno y \u00e1cido hialur\u00f3nico<\/li>\n<li>Combate las arrugas<\/li>\n<li>Reduce el tama\u00f1o de los poros y aclara las manchas<\/li>\n<li>Es un derivado de la vitamina A que, aplicado de forma t\u00f3pica, consigue tratar arrugas y manchas, as\u00ed como mejorar la textura y el aspecto de la piel.<\/li>\n<\/ul>","protected":false},"featured_media":496,"comment_status":"open","ping_status":"closed","template":"","meta":{"_kad_blocks_custom_css":"","_kad_blocks_head_custom_js":"","_kad_blocks_body_custom_js":"","_kad_blocks_footer_custom_js":"","_kadence_starter_templates_imported_post":false,"_kad_post_transparent":"default","_kad_post_title":"","_kad_post_layout":"default","_kad_post_sidebar_id":"","_kad_post_content_style":"default","_kad_post_vertical_padding":"default","_kad_post_feature":"","_kad_post_feature_position":"","_kad_post_header":false,"_kad_post_footer":false,"_joinchat":[]},"product_brand":[],"product_cat":[42],"product_tag":[],"class_list":{"0":"post-276","1":"product","2":"type-product","3":"status-publish","4":"has-post-thumbnail","6":"product_cat-skin-care","8":"first","9":"instock","10":"taxable","11":"shipping-taxable","12":"purchasable","13":"product-type-simple","14":"entry","15":"content-bg","16":"loop-entry"},"taxonomy_info":{"product_cat":[{"value":42,"label":"Skin Care"}]},"featured_image_src_large":["https:\/\/casalucianabyherly.com\/wp-content\/uploads\/2024\/10\/retinol-serum-1-oz-30ml.jpg",1000,1000,false],"author_info":[],"comment_info":0,"_links":{"self":[{"href":"https:\/\/casalucianabyherly.com\/es\/wp-json\/wp\/v2\/product\/276","targetHints":{"allow":["GET"]}}],"collection":[{"href":"https:\/\/casalucianabyherly.com\/es\/wp-json\/wp\/v2\/product"}],"about":[{"href":"https:\/\/casalucianabyherly.com\/es\/wp-json\/wp\/v2\/types\/product"}],"replies":[{"embeddable":true,"href":"https:\/\/casalucianabyherly.com\/es\/wp-json\/wp\/v2\/comments?post=276"}],"wp:featuredmedia":[{"embeddable":true,"href":"https:\/\/casalucianabyherly.com\/es\/wp-json\/wp\/v2\/media\/496"}],"wp:attachment":[{"href":"https:\/\/casalucianabyherly.com\/es\/wp-json\/wp\/v2\/media?parent=276"}],"wp:term":[{"taxonomy":"product_brand","embeddable":true,"href":"https:\/\/casalucianabyherly.com\/es\/wp-json\/wp\/v2\/product_brand?post=276"},{"taxonomy":"product_cat","embeddable":true,"href":"https:\/\/casalucianabyherly.com\/es\/wp-json\/wp\/v2\/product_cat?post=276"},{"taxonomy":"product_tag","embeddable":true,"href":"https:\/\/casalucianabyherly.com\/es\/wp-json\/wp\/v2\/product_tag?post=276"}],"curies":[{"name":"wp","href":"https:\/\/api.w.org\/{rel}","templated":true}]}}