{"id":270,"date":"2024-10-15T08:50:51","date_gmt":"2024-10-15T13:50:51","guid":{"rendered":"https:\/\/beautybyherly.com\/?post_type=product&#038;p=270"},"modified":"2025-10-03T10:20:05","modified_gmt":"2025-10-03T15:20:05","slug":"multicolagen","status":"publish","type":"product","link":"https:\/\/casalucianabyherly.com\/es\/producto\/multicolagen\/","title":{"rendered":"Multi Collagen Powder"},"content":{"rendered":"<p><strong><em>Cantidad: <\/em><\/strong>9\u00a0oz \/\u00a0 255gr<\/p>\n<p><strong><em>Apariencia:<\/em><\/strong> Col\u00e1geno hidrolizado en polvo<\/p>\n<p><em><strong>Dosificaci\u00f3n: <\/strong><\/em>Simplemente agregue 1 o 2 cucharadas de Herly Multi Collagen Powder en 16 oz. de agua o m\u00e1s, dependiendo del nivel de dulzura deseado; o para un batido, mezcle y disfrute de la bondad de la pi\u00f1a.<\/p>","protected":false},"excerpt":{"rendered":"<p><em><strong>Tratamiento fortalecedor de la piel intr\u00ednseco<\/strong><\/em><\/p>\n<ul>\n<li>\u00a05 tipos de col\u00e1geno<\/li>\n<li>Vinagre de sidra de manzana,<\/li>\n<li>\u00c1cido hialur\u00f3nico y<\/li>\n<li>Vitamina C para promover una piel, articulaciones, cabello y u\u00f1as j\u00f3venes y ayudarlo a perder peso rebelde.<\/li>\n<\/ul>\n<p><strong>\u00a1El col\u00e1geno disminuye DR\u00c1STICAMENTE despu\u00e9s de los 20 a\u00f1os recup\u00e9relo AHORA!<\/strong><\/p>","protected":false},"featured_media":494,"comment_status":"open","ping_status":"closed","template":"","meta":{"_kad_blocks_custom_css":"","_kad_blocks_head_custom_js":"","_kad_blocks_body_custom_js":"","_kad_blocks_footer_custom_js":"","_kadence_starter_templates_imported_post":false,"_kad_post_transparent":"default","_kad_post_title":"","_kad_post_layout":"default","_kad_post_sidebar_id":"","_kad_post_content_style":"default","_kad_post_vertical_padding":"default","_kad_post_feature":"","_kad_post_feature_position":"","_kad_post_header":false,"_kad_post_footer":false,"_joinchat":[]},"product_brand":[],"product_cat":[42],"product_tag":[],"class_list":{"0":"post-270","1":"product","2":"type-product","3":"status-publish","4":"has-post-thumbnail","6":"product_cat-skin-care","8":"first","9":"instock","10":"sale","11":"taxable","12":"shipping-taxable","13":"purchasable","14":"product-type-simple","15":"entry","16":"content-bg","17":"loop-entry"},"taxonomy_info":{"product_cat":[{"value":42,"label":"Skin Care"}]},"featured_image_src_large":["https:\/\/casalucianabyherly.com\/wp-content\/uploads\/2024\/10\/multi-collagen-powder-pineapple-flavor.jpg",1000,1000,false],"author_info":[],"comment_info":0,"_links":{"self":[{"href":"https:\/\/casalucianabyherly.com\/es\/wp-json\/wp\/v2\/product\/270","targetHints":{"allow":["GET"]}}],"collection":[{"href":"https:\/\/casalucianabyherly.com\/es\/wp-json\/wp\/v2\/product"}],"about":[{"href":"https:\/\/casalucianabyherly.com\/es\/wp-json\/wp\/v2\/types\/product"}],"replies":[{"embeddable":true,"href":"https:\/\/casalucianabyherly.com\/es\/wp-json\/wp\/v2\/comments?post=270"}],"wp:featuredmedia":[{"embeddable":true,"href":"https:\/\/casalucianabyherly.com\/es\/wp-json\/wp\/v2\/media\/494"}],"wp:attachment":[{"href":"https:\/\/casalucianabyherly.com\/es\/wp-json\/wp\/v2\/media?parent=270"}],"wp:term":[{"taxonomy":"product_brand","embeddable":true,"href":"https:\/\/casalucianabyherly.com\/es\/wp-json\/wp\/v2\/product_brand?post=270"},{"taxonomy":"product_cat","embeddable":true,"href":"https:\/\/casalucianabyherly.com\/es\/wp-json\/wp\/v2\/product_cat?post=270"},{"taxonomy":"product_tag","embeddable":true,"href":"https:\/\/casalucianabyherly.com\/es\/wp-json\/wp\/v2\/product_tag?post=270"}],"curies":[{"name":"wp","href":"https:\/\/api.w.org\/{rel}","templated":true}]}}