{"id":268,"date":"2024-10-15T08:10:48","date_gmt":"2024-10-15T13:10:48","guid":{"rendered":"https:\/\/beautybyherly.com\/?post_type=product&#038;p=268"},"modified":"2025-10-03T10:17:20","modified_gmt":"2025-10-03T15:17:20","slug":"glow-skin-balm","status":"publish","type":"product","link":"https:\/\/casalucianabyherly.com\/es\/producto\/glow-skin-balm\/","title":{"rendered":"Glow Skin Balm"},"content":{"rendered":"<p><strong><em>Cantidad: <\/em><\/strong>4\u00a0oz \/\u00a0 113gr<\/p>\n<p><strong><em>Apariencia:<\/em><\/strong> Crema de color beige translucido<\/p>\n<p><em><strong>Dosificaci\u00f3n:\u00a0\u00a0<\/strong><\/em>Peque\u00f1a cantidad por aplicaci\u00f3n<\/p>","protected":false},"excerpt":{"rendered":"<p><em><strong>Tratamientos para pieles secas y muy secas<\/strong><\/em><\/p>\n<ul>\n<li>Con sus ingredientes naturales, facilitan el equilibrio de las pieles<br \/>\nsecas y muy secas.<\/li>\n<li>Los aceites vegetales refuerzan la barrera protectora de la piel con l\u00edpidos similares a los de nuestra piel y estimulan su capacidad de autorregulaci\u00f3n, lo que conduce a una retenci\u00f3n m\u00e1s eficaz de la humedad.<\/li>\n<\/ul>","protected":false},"featured_media":493,"comment_status":"open","ping_status":"closed","template":"","meta":{"_kad_blocks_custom_css":"","_kad_blocks_head_custom_js":"","_kad_blocks_body_custom_js":"","_kad_blocks_footer_custom_js":"","_kadence_starter_templates_imported_post":false,"_kad_post_transparent":"default","_kad_post_title":"","_kad_post_layout":"default","_kad_post_sidebar_id":"","_kad_post_content_style":"default","_kad_post_vertical_padding":"default","_kad_post_feature":"","_kad_post_feature_position":"","_kad_post_header":false,"_kad_post_footer":false,"_joinchat":[]},"product_brand":[],"product_cat":[42],"product_tag":[],"class_list":{"0":"post-268","1":"product","2":"type-product","3":"status-publish","4":"has-post-thumbnail","6":"product_cat-skin-care","8":"first","9":"instock","10":"taxable","11":"shipping-taxable","12":"purchasable","13":"product-type-simple","14":"entry","15":"content-bg","16":"loop-entry"},"taxonomy_info":{"product_cat":[{"value":42,"label":"Skin Care"}]},"featured_image_src_large":["https:\/\/casalucianabyherly.com\/wp-content\/uploads\/2024\/10\/glow-skin-balm-softens-and-nourishes-dry-skin-4-oz-113g.jpg",1000,1000,false],"author_info":[],"comment_info":0,"_links":{"self":[{"href":"https:\/\/casalucianabyherly.com\/es\/wp-json\/wp\/v2\/product\/268","targetHints":{"allow":["GET"]}}],"collection":[{"href":"https:\/\/casalucianabyherly.com\/es\/wp-json\/wp\/v2\/product"}],"about":[{"href":"https:\/\/casalucianabyherly.com\/es\/wp-json\/wp\/v2\/types\/product"}],"replies":[{"embeddable":true,"href":"https:\/\/casalucianabyherly.com\/es\/wp-json\/wp\/v2\/comments?post=268"}],"wp:featuredmedia":[{"embeddable":true,"href":"https:\/\/casalucianabyherly.com\/es\/wp-json\/wp\/v2\/media\/493"}],"wp:attachment":[{"href":"https:\/\/casalucianabyherly.com\/es\/wp-json\/wp\/v2\/media?parent=268"}],"wp:term":[{"taxonomy":"product_brand","embeddable":true,"href":"https:\/\/casalucianabyherly.com\/es\/wp-json\/wp\/v2\/product_brand?post=268"},{"taxonomy":"product_cat","embeddable":true,"href":"https:\/\/casalucianabyherly.com\/es\/wp-json\/wp\/v2\/product_cat?post=268"},{"taxonomy":"product_tag","embeddable":true,"href":"https:\/\/casalucianabyherly.com\/es\/wp-json\/wp\/v2\/product_tag?post=268"}],"curies":[{"name":"wp","href":"https:\/\/api.w.org\/{rel}","templated":true}]}}